{"id":2532,"date":"2018-04-28T12:39:43","date_gmt":"2018-04-28T12:39:43","guid":{"rendered":"http:\/\/localhost\/wordpress\/?page_id=2532"},"modified":"2018-05-10T21:28:22","modified_gmt":"2018-05-10T21:28:22","slug":"politica-de-cookies","status":"publish","type":"page","link":"http:\/\/ojarbo.com\/?page_id=2532","title":{"rendered":"Pol\u00edtica de cookies"},"content":{"rendered":"<p>\u00a0 Pol\u00edtica de cookies Cookie es un fichero que se descarga en su ordenador al acceder a determinadas p\u00e1ginas web. Las cookies permiten a una p\u00e1gina web, entre otras cosas, almacenar y recuperar informaci\u00f3n sobre los h\u00e1bitos de navegaci\u00f3n de un usuario o de su equipo y,  <a href=\"http:\/\/ojarbo.com\/?page_id=2532\" title=\"Read more on Pol\u00edtica de cookies\" class=\"more-link\">read more<\/a><\/p>\n<!-- AddThis Advanced Settings generic via filter on the_content --><!-- AddThis Share Buttons generic via filter on the_content -->","protected":false},"excerpt":{"rendered":"<p>\u00a0 Pol\u00edtica de cookies Cookie es un fichero que se descarga en su ordenador al acceder a determinadas p\u00e1ginas web. Las cookies permiten a una p\u00e1gina web, entre otras cosas, almacenar y recuperar informaci\u00f3n sobre los h\u00e1bitos de navegaci\u00f3n de un usuario o de su equipo y, read more<!-- AddThis Advanced Settings generic via filter on get_the_excerpt --><!-- AddThis Share Buttons generic via filter on get_the_excerpt --><\/p>\n","protected":false},"author":1,"featured_media":0,"parent":0,"menu_order":0,"comment_status":"closed","ping_status":"closed","template":"","meta":[],"_links":{"self":[{"href":"http:\/\/ojarbo.com\/index.php?rest_route=\/wp\/v2\/pages\/2532"}],"collection":[{"href":"http:\/\/ojarbo.com\/index.php?rest_route=\/wp\/v2\/pages"}],"about":[{"href":"http:\/\/ojarbo.com\/index.php?rest_route=\/wp\/v2\/types\/page"}],"author":[{"embeddable":true,"href":"http:\/\/ojarbo.com\/index.php?rest_route=\/wp\/v2\/users\/1"}],"replies":[{"embeddable":true,"href":"http:\/\/ojarbo.com\/index.php?rest_route=%2Fwp%2Fv2%2Fcomments&post=2532"}],"version-history":[{"count":0,"href":"http:\/\/ojarbo.com\/index.php?rest_route=\/wp\/v2\/pages\/2532\/revisions"}],"wp:attachment":[{"href":"http:\/\/ojarbo.com\/index.php?rest_route=%2Fwp%2Fv2%2Fmedia&parent=2532"}],"curies":[{"name":"wp","href":"https:\/\/api.w.org\/{rel}","templated":true}]}}