{"id":1734,"date":"2018-04-06T16:06:48","date_gmt":"2018-04-06T16:06:48","guid":{"rendered":"http:\/\/localhost\/wordpress\/?page_id=1734"},"modified":"2018-07-18T22:17:58","modified_gmt":"2018-07-18T22:17:58","slug":"conocenos","status":"publish","type":"page","link":"https:\/\/ojarbo.com\/?page_id=1734","title":{"rendered":"Conocenos"},"content":{"rendered":"<p>Historia Ocio, jard\u00edn y Bosque S.L. es la empresa que sigue la historia que empez\u00f3 en su d\u00eda el progenitor y fundador,AVELINO MARTINEZ GARCIA,\u00a0de la empresa TALLERES AVELINO\u00a0 en BERLANGA DE DUERO,\u00a0 que derivo desde\u00a0 el a\u00f1o 1977 en\u00a0 REPUESTOS AVELINO en Soria , pero tamb <a href=\"https:\/\/ojarbo.com\/?page_id=1734\" title=\"Read more on Conocenos\" class=\"more-link\">read more<\/a><\/p>\n<!-- AddThis Advanced Settings generic via filter on the_content --><!-- AddThis Share Buttons generic via filter on the_content -->","protected":false},"excerpt":{"rendered":"<p>Historia Ocio, jard\u00edn y Bosque S.L. es la empresa que sigue la historia que empez\u00f3 en su d\u00eda el progenitor y fundador,AVELINO MARTINEZ GARCIA,\u00a0de la empresa TALLERES AVELINO\u00a0 en BERLANGA DE DUERO,\u00a0 que derivo desde\u00a0 el a\u00f1o 1977 en\u00a0 REPUESTOS AVELINO en Soria , pero tamb read more<!-- AddThis Advanced Settings generic via filter on get_the_excerpt --><!-- AddThis Share Buttons generic via filter on get_the_excerpt --><\/p>\n","protected":false},"author":1,"featured_media":0,"parent":0,"menu_order":0,"comment_status":"closed","ping_status":"closed","template":"","meta":[],"_links":{"self":[{"href":"https:\/\/ojarbo.com\/index.php?rest_route=\/wp\/v2\/pages\/1734"}],"collection":[{"href":"https:\/\/ojarbo.com\/index.php?rest_route=\/wp\/v2\/pages"}],"about":[{"href":"https:\/\/ojarbo.com\/index.php?rest_route=\/wp\/v2\/types\/page"}],"author":[{"embeddable":true,"href":"https:\/\/ojarbo.com\/index.php?rest_route=\/wp\/v2\/users\/1"}],"replies":[{"embeddable":true,"href":"https:\/\/ojarbo.com\/index.php?rest_route=%2Fwp%2Fv2%2Fcomments&post=1734"}],"version-history":[{"count":0,"href":"https:\/\/ojarbo.com\/index.php?rest_route=\/wp\/v2\/pages\/1734\/revisions"}],"wp:attachment":[{"href":"https:\/\/ojarbo.com\/index.php?rest_route=%2Fwp%2Fv2%2Fmedia&parent=1734"}],"curies":[{"name":"wp","href":"https:\/\/api.w.org\/{rel}","templated":true}]}}