{"id":2530,"date":"2018-04-28T12:39:06","date_gmt":"2018-04-28T12:39:06","guid":{"rendered":"http:\/\/localhost\/wordpress\/?page_id=2530"},"modified":"2018-05-30T22:51:03","modified_gmt":"2018-05-30T22:51:03","slug":"politica-de-privacidad","status":"publish","type":"page","link":"https:\/\/ojarbo.com\/?page_id=2530","title":{"rendered":"Pol\u00edtica de privacidad"},"content":{"rendered":"<p>&nbsp; Autorizaci\u00f3n administrativa De conformidad con lo dispuesto en la Ley Org\u00e1nica 15\/1999, de Protecci\u00f3n de Datos de Car\u00e1cter Personal (LOPD) y su normativa de desarrollo, el responsable del sitio web, en cumplimiento de lo dispuesto en el art. 5 y 6 de la LOPD, inf <a href=\"https:\/\/ojarbo.com\/?page_id=2530\" title=\"Read more on Pol\u00edtica de privacidad\" class=\"more-link\">read more<\/a><\/p>\n<!-- AddThis Advanced Settings generic via filter on the_content --><!-- AddThis Share Buttons generic via filter on the_content -->","protected":false},"excerpt":{"rendered":"<p>&nbsp; Autorizaci\u00f3n administrativa De conformidad con lo dispuesto en la Ley Org\u00e1nica 15\/1999, de Protecci\u00f3n de Datos de Car\u00e1cter Personal (LOPD) y su normativa de desarrollo, el responsable del sitio web, en cumplimiento de lo dispuesto en el art. 5 y 6 de la LOPD, inf read more<!-- AddThis Advanced Settings generic via filter on get_the_excerpt --><!-- AddThis Share Buttons generic via filter on get_the_excerpt --><\/p>\n","protected":false},"author":1,"featured_media":0,"parent":0,"menu_order":0,"comment_status":"closed","ping_status":"closed","template":"","meta":[],"_links":{"self":[{"href":"https:\/\/ojarbo.com\/index.php?rest_route=\/wp\/v2\/pages\/2530"}],"collection":[{"href":"https:\/\/ojarbo.com\/index.php?rest_route=\/wp\/v2\/pages"}],"about":[{"href":"https:\/\/ojarbo.com\/index.php?rest_route=\/wp\/v2\/types\/page"}],"author":[{"embeddable":true,"href":"https:\/\/ojarbo.com\/index.php?rest_route=\/wp\/v2\/users\/1"}],"replies":[{"embeddable":true,"href":"https:\/\/ojarbo.com\/index.php?rest_route=%2Fwp%2Fv2%2Fcomments&post=2530"}],"version-history":[{"count":0,"href":"https:\/\/ojarbo.com\/index.php?rest_route=\/wp\/v2\/pages\/2530\/revisions"}],"wp:attachment":[{"href":"https:\/\/ojarbo.com\/index.php?rest_route=%2Fwp%2Fv2%2Fmedia&parent=2530"}],"curies":[{"name":"wp","href":"https:\/\/api.w.org\/{rel}","templated":true}]}}